{"id":101,"date":"2022-09-29T21:42:51","date_gmt":"2022-09-29T21:42:51","guid":{"rendered":"https:\/\/umbriaprivate.com.br\/site\/?page_id=101"},"modified":"2022-10-05T14:42:51","modified_gmt":"2022-10-05T14:42:51","slug":"seguro-agro","status":"publish","type":"page","link":"https:\/\/umbriaprivate.com.br\/site\/seguro-agro\/","title":{"rendered":"Seguro Agro"},"content":{"rendered":"\n<div class=\"wp-block-media-text alignwide is-stacked-on-mobile\"><figure class=\"wp-block-media-text__media\"><img fetchpriority=\"high\" decoding=\"async\" width=\"650\" height=\"402\" src=\"https:\/\/umbriaprivate.com.br\/site\/wp-content\/uploads\/2022\/09\/agro.jpg\" alt=\"\" class=\"wp-image-102 size-full\" srcset=\"https:\/\/umbriaprivate.com.br\/site\/wp-content\/uploads\/2022\/09\/agro.jpg 650w, https:\/\/umbriaprivate.com.br\/site\/wp-content\/uploads\/2022\/09\/agro-300x186.jpg 300w\" sizes=\"(max-width: 650px) 100vw, 650px\" \/><\/figure><div class=\"wp-block-media-text__content\">\n<h2 class=\"wp-block-heading\"><strong>Proteja o seu capital investido na planta\u00e7\u00e3o com o Seguro Agro<\/strong><\/h2>\n\n\n\n<p>O Seguro Agro \u00e9 um tipo de modalidade que protege o produtor rural contra perdas decorrentes de fen\u00f4menos naturais adversos e imprevis\u00edveis que costuma tirar o sono de empres\u00e1rios.<\/p>\n\n\n\n<p>As coberturas variam de acordo com a necessidade do produtor e podem cobrir diversos fen\u00f4menos que atingem as lavouras, como :<\/p>\n\n\n\n<ul class=\"wp-block-list\"><li>Chuva;<\/li><li>Granizo;<\/li><li>Secas prolongadas;<\/li><li>Geadas;<\/li><li>Inc\u00eandio;<\/li><li>Entre outros.<\/li><\/ul>\n\n\n\n<p>Por isso, cada vez mais empres\u00e1rios vem buscando o Seguro Agro como alternativa. A Umbria Private possui uma equipe de especialistas no agroneg\u00f3cio pronta para oferecer a melhor cobertura.<\/p>\n\n\n\n<p><strong>Solicite uma cota\u00e7\u00e3o, sem compromisso.<\/strong><\/p>\n\n\n\n<div class=\"wp-block-buttons is-layout-flex wp-block-buttons-is-layout-flex\"><\/div>\n<\/div><\/div>\n","protected":false},"excerpt":{"rendered":"","protected":false},"author":1,"featured_media":0,"parent":0,"menu_order":0,"comment_status":"closed","ping_status":"closed","template":"fullwidth-template.php","meta":{"footnotes":""},"class_list":["post-101","page","type-page","status-publish","hentry"],"_links":{"self":[{"href":"https:\/\/umbriaprivate.com.br\/site\/wp-json\/wp\/v2\/pages\/101","targetHints":{"allow":["GET"]}}],"collection":[{"href":"https:\/\/umbriaprivate.com.br\/site\/wp-json\/wp\/v2\/pages"}],"about":[{"href":"https:\/\/umbriaprivate.com.br\/site\/wp-json\/wp\/v2\/types\/page"}],"author":[{"embeddable":true,"href":"https:\/\/umbriaprivate.com.br\/site\/wp-json\/wp\/v2\/users\/1"}],"replies":[{"embeddable":true,"href":"https:\/\/umbriaprivate.com.br\/site\/wp-json\/wp\/v2\/comments?post=101"}],"version-history":[{"count":3,"href":"https:\/\/umbriaprivate.com.br\/site\/wp-json\/wp\/v2\/pages\/101\/revisions"}],"predecessor-version":[{"id":180,"href":"https:\/\/umbriaprivate.com.br\/site\/wp-json\/wp\/v2\/pages\/101\/revisions\/180"}],"wp:attachment":[{"href":"https:\/\/umbriaprivate.com.br\/site\/wp-json\/wp\/v2\/media?parent=101"}],"curies":[{"name":"wp","href":"https:\/\/api.w.org\/{rel}","templated":true}]}}