{"id":104,"date":"2022-09-29T21:53:38","date_gmt":"2022-09-29T21:53:38","guid":{"rendered":"https:\/\/umbriaprivate.com.br\/site\/?page_id=104"},"modified":"2022-10-05T14:43:18","modified_gmt":"2022-10-05T14:43:18","slug":"seguro-auto","status":"publish","type":"page","link":"https:\/\/umbriaprivate.com.br\/site\/seguro-auto\/","title":{"rendered":"Seguro Auto"},"content":{"rendered":"\n<div class=\"wp-block-media-text alignwide is-stacked-on-mobile\"><figure class=\"wp-block-media-text__media\"><img fetchpriority=\"high\" decoding=\"async\" width=\"700\" height=\"620\" src=\"https:\/\/umbriaprivate.com.br\/site\/wp-content\/uploads\/2022\/09\/auto-1.png\" alt=\"\" class=\"wp-image-105 size-full\" srcset=\"https:\/\/umbriaprivate.com.br\/site\/wp-content\/uploads\/2022\/09\/auto-1.png 700w, https:\/\/umbriaprivate.com.br\/site\/wp-content\/uploads\/2022\/09\/auto-1-300x266.png 300w\" sizes=\"(max-width: 700px) 100vw, 700px\" \/><\/figure><div class=\"wp-block-media-text__content\">\n<p>Fa\u00e7a um Seguro Auto que realmente atenda \u00e0s suas necessidades e evite as dores de cabe\u00e7a indesej\u00e1veis na hora do sinistro. Apresentamos sempre as melhores seguradoras com as coberturas adequadas ao seu perfil.<\/p>\n\n\n\n<p>Conhe\u00e7as as prote\u00e7\u00f5es contra:<\/p>\n\n\n\n<ul class=\"wp-block-list\"><li>Roubo<\/li><li>Furto<\/li><li>Colis\u00e3o<\/li><li>Inc\u00eandio<\/li><li>Danos \u00e0 terceiros<\/li><li>Entre outras coberturas.<\/li><\/ul>\n\n\n\n<p><strong>Solicite uma cota\u00e7\u00e3o, sem compromisso.<\/strong><\/p>\n\n\n\n<div class=\"wp-block-buttons is-layout-flex wp-block-buttons-is-layout-flex\"><\/div>\n<\/div><\/div>\n","protected":false},"excerpt":{"rendered":"","protected":false},"author":1,"featured_media":0,"parent":0,"menu_order":0,"comment_status":"closed","ping_status":"closed","template":"fullwidth-template.php","meta":{"footnotes":""},"class_list":["post-104","page","type-page","status-publish","hentry"],"_links":{"self":[{"href":"https:\/\/umbriaprivate.com.br\/site\/wp-json\/wp\/v2\/pages\/104","targetHints":{"allow":["GET"]}}],"collection":[{"href":"https:\/\/umbriaprivate.com.br\/site\/wp-json\/wp\/v2\/pages"}],"about":[{"href":"https:\/\/umbriaprivate.com.br\/site\/wp-json\/wp\/v2\/types\/page"}],"author":[{"embeddable":true,"href":"https:\/\/umbriaprivate.com.br\/site\/wp-json\/wp\/v2\/users\/1"}],"replies":[{"embeddable":true,"href":"https:\/\/umbriaprivate.com.br\/site\/wp-json\/wp\/v2\/comments?post=104"}],"version-history":[{"count":2,"href":"https:\/\/umbriaprivate.com.br\/site\/wp-json\/wp\/v2\/pages\/104\/revisions"}],"predecessor-version":[{"id":181,"href":"https:\/\/umbriaprivate.com.br\/site\/wp-json\/wp\/v2\/pages\/104\/revisions\/181"}],"wp:attachment":[{"href":"https:\/\/umbriaprivate.com.br\/site\/wp-json\/wp\/v2\/media?parent=104"}],"curies":[{"name":"wp","href":"https:\/\/api.w.org\/{rel}","templated":true}]}}