{"id":107,"date":"2022-09-29T21:54:47","date_gmt":"2022-09-29T21:54:47","guid":{"rendered":"https:\/\/umbriaprivate.com.br\/site\/?page_id=107"},"modified":"2022-10-05T14:44:52","modified_gmt":"2022-10-05T14:44:52","slug":"seguro-credito","status":"publish","type":"page","link":"https:\/\/umbriaprivate.com.br\/site\/seguro-credito\/","title":{"rendered":"Seguro Cr\u00e9dito"},"content":{"rendered":"\n<div class=\"wp-block-media-text alignwide is-stacked-on-mobile\"><figure class=\"wp-block-media-text__media\"><img fetchpriority=\"high\" decoding=\"async\" width=\"650\" height=\"402\" src=\"https:\/\/umbriaprivate.com.br\/site\/wp-content\/uploads\/2022\/09\/credito.jpg\" alt=\"\" class=\"wp-image-108 size-full\" srcset=\"https:\/\/umbriaprivate.com.br\/site\/wp-content\/uploads\/2022\/09\/credito.jpg 650w, https:\/\/umbriaprivate.com.br\/site\/wp-content\/uploads\/2022\/09\/credito-300x186.jpg 300w\" sizes=\"(max-width: 650px) 100vw, 650px\" \/><\/figure><div class=\"wp-block-media-text__content\">\n<h2 class=\"wp-block-heading\">Garanta o pagamento das transa\u00e7\u00f5es comerciais com o Seguro de Cr\u00e9dito<\/h2>\n\n\n\n<p>O Seguro de Cr\u00e9dito protege o seu neg\u00f3cio contra o n\u00e3o pagamento da d\u00edvida oriunda de transa\u00e7\u00f5es comerciais com clientes domiciliados no pa\u00eds. Ele garante o pagamento ao credor de faturas envolvendo as perdas l\u00edquidas de clientes insolventes.<\/p>\n\n\n\n<p>Sem d\u00favida, a modalidade de seguro que lhe permite gerir os riscos comerciais e pol\u00edticos de forma segura.<\/p>\n\n\n\n<p><strong>Solicite uma cota\u00e7\u00e3o, sem compromisso.<\/strong><\/p>\n<\/div><\/div>\n","protected":false},"excerpt":{"rendered":"<p>Garanta o pagamento das transa\u00e7\u00f5es comerciais com o Seguro de Cr\u00e9dito O Seguro de Cr\u00e9dito protege o seu neg\u00f3cio contra o n\u00e3o pagamento da d\u00edvida oriunda de transa\u00e7\u00f5es comerciais com clientes domiciliados no pa\u00eds. Ele garante o pagamento ao credor de faturas envolvendo as perdas l\u00edquidas de clientes insolventes. Sem d\u00favida, a modalidade de seguro [&hellip;]<\/p>\n","protected":false},"author":1,"featured_media":0,"parent":0,"menu_order":0,"comment_status":"closed","ping_status":"closed","template":"fullwidth-template.php","meta":{"footnotes":""},"class_list":["post-107","page","type-page","status-publish","hentry"],"_links":{"self":[{"href":"https:\/\/umbriaprivate.com.br\/site\/wp-json\/wp\/v2\/pages\/107","targetHints":{"allow":["GET"]}}],"collection":[{"href":"https:\/\/umbriaprivate.com.br\/site\/wp-json\/wp\/v2\/pages"}],"about":[{"href":"https:\/\/umbriaprivate.com.br\/site\/wp-json\/wp\/v2\/types\/page"}],"author":[{"embeddable":true,"href":"https:\/\/umbriaprivate.com.br\/site\/wp-json\/wp\/v2\/users\/1"}],"replies":[{"embeddable":true,"href":"https:\/\/umbriaprivate.com.br\/site\/wp-json\/wp\/v2\/comments?post=107"}],"version-history":[{"count":4,"href":"https:\/\/umbriaprivate.com.br\/site\/wp-json\/wp\/v2\/pages\/107\/revisions"}],"predecessor-version":[{"id":183,"href":"https:\/\/umbriaprivate.com.br\/site\/wp-json\/wp\/v2\/pages\/107\/revisions\/183"}],"wp:attachment":[{"href":"https:\/\/umbriaprivate.com.br\/site\/wp-json\/wp\/v2\/media?parent=107"}],"curies":[{"name":"wp","href":"https:\/\/api.w.org\/{rel}","templated":true}]}}