{"id":111,"date":"2022-09-29T21:57:09","date_gmt":"2022-09-29T21:57:09","guid":{"rendered":"https:\/\/umbriaprivate.com.br\/site\/?page_id=111"},"modified":"2022-10-05T14:46:02","modified_gmt":"2022-10-05T14:46:02","slug":"seguro-do","status":"publish","type":"page","link":"https:\/\/umbriaprivate.com.br\/site\/seguro-do\/","title":{"rendered":"Seguro D&#038;O"},"content":{"rendered":"\n<div class=\"wp-block-media-text alignwide is-stacked-on-mobile\"><figure class=\"wp-block-media-text__media\"><img fetchpriority=\"high\" decoding=\"async\" width=\"650\" height=\"402\" src=\"https:\/\/umbriaprivate.com.br\/site\/wp-content\/uploads\/2022\/09\/executivo.jpg\" alt=\"\" class=\"wp-image-112 size-full\" srcset=\"https:\/\/umbriaprivate.com.br\/site\/wp-content\/uploads\/2022\/09\/executivo.jpg 650w, https:\/\/umbriaprivate.com.br\/site\/wp-content\/uploads\/2022\/09\/executivo-300x186.jpg 300w\" sizes=\"(max-width: 650px) 100vw, 650px\" \/><\/figure><div class=\"wp-block-media-text__content\">\n<h2 class=\"wp-block-heading\">Um seguro ideal para empresas e executivos que tomam as decis\u00f5es que determinam os rumos da companhia<\/h2>\n\n\n\n<p>O Seguro D&amp;O (<em>Directors and Officers Liability Insurance<\/em>) \u00e9 uma modalidade de seguro de responsabilidade civil que visa proteger o patrim\u00f4nio de altos executivos, como diretores, administradores, conselheiros e gerentes, em processos movidos contra ele decorrentes dos atos de sua gest\u00e3o.<\/p>\n\n\n\n<p>Ele abrange a responsabilidade, no \u00e2mbito judicial ou administrativo, por decis\u00f5es que causaram danos materiais, corporais ou morais involunt\u00e1rios \u00e0 terceiros.<\/p>\n\n\n\n<p><strong>Solicite uma cota\u00e7\u00e3o, sem compromisso.<\/strong><\/p>\n<\/div><\/div>\n","protected":false},"excerpt":{"rendered":"<p>Um seguro ideal para empresas e executivos que tomam as decis\u00f5es que determinam os rumos da companhia O Seguro D&amp;O (Directors and Officers Liability Insurance) \u00e9 uma modalidade de seguro de responsabilidade civil que visa proteger o patrim\u00f4nio de altos executivos, como diretores, administradores, conselheiros e gerentes, em processos movidos contra ele decorrentes dos atos [&hellip;]<\/p>\n","protected":false},"author":1,"featured_media":0,"parent":0,"menu_order":0,"comment_status":"closed","ping_status":"closed","template":"fullwidth-template.php","meta":{"footnotes":""},"class_list":["post-111","page","type-page","status-publish","hentry"],"_links":{"self":[{"href":"https:\/\/umbriaprivate.com.br\/site\/wp-json\/wp\/v2\/pages\/111","targetHints":{"allow":["GET"]}}],"collection":[{"href":"https:\/\/umbriaprivate.com.br\/site\/wp-json\/wp\/v2\/pages"}],"about":[{"href":"https:\/\/umbriaprivate.com.br\/site\/wp-json\/wp\/v2\/types\/page"}],"author":[{"embeddable":true,"href":"https:\/\/umbriaprivate.com.br\/site\/wp-json\/wp\/v2\/users\/1"}],"replies":[{"embeddable":true,"href":"https:\/\/umbriaprivate.com.br\/site\/wp-json\/wp\/v2\/comments?post=111"}],"version-history":[{"count":2,"href":"https:\/\/umbriaprivate.com.br\/site\/wp-json\/wp\/v2\/pages\/111\/revisions"}],"predecessor-version":[{"id":184,"href":"https:\/\/umbriaprivate.com.br\/site\/wp-json\/wp\/v2\/pages\/111\/revisions\/184"}],"wp:attachment":[{"href":"https:\/\/umbriaprivate.com.br\/site\/wp-json\/wp\/v2\/media?parent=111"}],"curies":[{"name":"wp","href":"https:\/\/api.w.org\/{rel}","templated":true}]}}