{"id":117,"date":"2022-09-29T22:00:02","date_gmt":"2022-09-29T22:00:02","guid":{"rendered":"https:\/\/umbriaprivate.com.br\/site\/?page_id=117"},"modified":"2022-10-05T14:46:37","modified_gmt":"2022-10-05T14:46:37","slug":"seguro-de-vida","status":"publish","type":"page","link":"https:\/\/umbriaprivate.com.br\/site\/seguro-de-vida\/","title":{"rendered":"Seguro de Vida"},"content":{"rendered":"\n<div class=\"wp-block-media-text alignwide is-stacked-on-mobile\"><figure class=\"wp-block-media-text__media\"><img fetchpriority=\"high\" decoding=\"async\" width=\"650\" height=\"402\" src=\"https:\/\/umbriaprivate.com.br\/site\/wp-content\/uploads\/2022\/09\/vida.jpg\" alt=\"\" class=\"wp-image-118 size-full\" srcset=\"https:\/\/umbriaprivate.com.br\/site\/wp-content\/uploads\/2022\/09\/vida.jpg 650w, https:\/\/umbriaprivate.com.br\/site\/wp-content\/uploads\/2022\/09\/vida-300x186.jpg 300w\" sizes=\"(max-width: 650px) 100vw, 650px\" \/><\/figure><div class=\"wp-block-media-text__content\">\n<h2 class=\"wp-block-heading\">Tranquilidade n\u00e3o tem pre\u00e7o<\/h2>\n\n\n\n<p>A contrata\u00e7\u00e3o de um Seguro de Vida \u00e9 uma forma de investimento visando a sua seguran\u00e7a nos casos de invalidez e da sua fam\u00edlia nos casos de morte.<\/p>\n\n\n\n<p>Acontecimentos extraordin\u00e1rios podem ocorrer a qualquer momento em nossas vidas.<\/p>\n\n\n\n<p>Quais s\u00e3o as vantagens de um Seguro de Vida?<\/p>\n\n\n\n<ul class=\"wp-block-list\"><li>Prote\u00e7\u00e3o financeira familiar (morte);<\/li><li>Prote\u00e7\u00e3o para o segurado (invalidez);<\/li><li>Aux\u00edlio para doen\u00e7as graves;<\/li><li>Cobertura de gastos com fatalidades;<\/li><li>Entre outras.<\/li><\/ul>\n\n\n\n<p><strong>Solicite uma cota\u00e7\u00e3o, sem compromisso.<\/strong><\/p>\n<\/div><\/div>\n","protected":false},"excerpt":{"rendered":"<p>Tranquilidade n\u00e3o tem pre\u00e7o A contrata\u00e7\u00e3o de um Seguro de Vida \u00e9 uma forma de investimento visando a sua seguran\u00e7a nos casos de invalidez e da sua fam\u00edlia nos casos de morte. Acontecimentos extraordin\u00e1rios podem ocorrer a qualquer momento em nossas vidas. Quais s\u00e3o as vantagens de um Seguro de Vida? Prote\u00e7\u00e3o financeira familiar (morte); [&hellip;]<\/p>\n","protected":false},"author":1,"featured_media":0,"parent":0,"menu_order":0,"comment_status":"closed","ping_status":"closed","template":"fullwidth-template.php","meta":{"footnotes":""},"class_list":["post-117","page","type-page","status-publish","hentry"],"_links":{"self":[{"href":"https:\/\/umbriaprivate.com.br\/site\/wp-json\/wp\/v2\/pages\/117","targetHints":{"allow":["GET"]}}],"collection":[{"href":"https:\/\/umbriaprivate.com.br\/site\/wp-json\/wp\/v2\/pages"}],"about":[{"href":"https:\/\/umbriaprivate.com.br\/site\/wp-json\/wp\/v2\/types\/page"}],"author":[{"embeddable":true,"href":"https:\/\/umbriaprivate.com.br\/site\/wp-json\/wp\/v2\/users\/1"}],"replies":[{"embeddable":true,"href":"https:\/\/umbriaprivate.com.br\/site\/wp-json\/wp\/v2\/comments?post=117"}],"version-history":[{"count":2,"href":"https:\/\/umbriaprivate.com.br\/site\/wp-json\/wp\/v2\/pages\/117\/revisions"}],"predecessor-version":[{"id":185,"href":"https:\/\/umbriaprivate.com.br\/site\/wp-json\/wp\/v2\/pages\/117\/revisions\/185"}],"wp:attachment":[{"href":"https:\/\/umbriaprivate.com.br\/site\/wp-json\/wp\/v2\/media?parent=117"}],"curies":[{"name":"wp","href":"https:\/\/api.w.org\/{rel}","templated":true}]}}