{"id":120,"date":"2022-09-29T22:01:40","date_gmt":"2022-09-29T22:01:40","guid":{"rendered":"https:\/\/umbriaprivate.com.br\/site\/?page_id=120"},"modified":"2022-10-05T14:52:53","modified_gmt":"2022-10-05T14:52:53","slug":"seguro-equipamentos-portateis","status":"publish","type":"page","link":"https:\/\/umbriaprivate.com.br\/site\/seguro-equipamentos-portateis\/","title":{"rendered":"Seguro Equipamentos Port\u00e1teis"},"content":{"rendered":"\n<div class=\"wp-block-media-text alignwide is-stacked-on-mobile\"><figure class=\"wp-block-media-text__media\"><img fetchpriority=\"high\" decoding=\"async\" width=\"650\" height=\"402\" src=\"https:\/\/umbriaprivate.com.br\/site\/wp-content\/uploads\/2022\/09\/equipamentos.jpg\" alt=\"\" class=\"wp-image-121 size-full\" srcset=\"https:\/\/umbriaprivate.com.br\/site\/wp-content\/uploads\/2022\/09\/equipamentos.jpg 650w, https:\/\/umbriaprivate.com.br\/site\/wp-content\/uploads\/2022\/09\/equipamentos-300x186.jpg 300w\" sizes=\"(max-width: 650px) 100vw, 650px\" \/><\/figure><div class=\"wp-block-media-text__content\">\n<p><\/p>\n\n\n\n<p>O Seguro Equipamentos port\u00e1teis protege seus equipamentos contra roubo e furto em todo o territ\u00f3rio nacional e, tamb\u00e9m, no exterior. J\u00e1 pensou em sofrer a perda de sua ferramenta de trabalho? O seguro cobre:<\/p>\n\n\n\n<ul class=\"wp-block-list\"><li>Roubo;<\/li><li>Furto;<\/li><li>Danos f\u00edsicos;<\/li><li>Danos el\u00e9tricos.<\/li><\/ul>\n\n\n\n<p>Proteja computadores, laptops, tablets, smartphones, c\u00e2meras fotogr\u00e1ficas, entre outros com o Seguro Equipamentos El\u00e9tricos e trabalhe tranquilamente.<\/p>\n\n\n\n<p><strong>Solicite uma cota\u00e7\u00e3o, sem compromisso.<\/strong><\/p>\n<\/div><\/div>\n","protected":false},"excerpt":{"rendered":"<p>O Seguro Equipamentos port\u00e1teis protege seus equipamentos contra roubo e furto em todo o territ\u00f3rio nacional e, tamb\u00e9m, no exterior. J\u00e1 pensou em sofrer a perda de sua ferramenta de trabalho? O seguro cobre: Roubo; Furto; Danos f\u00edsicos; Danos el\u00e9tricos. Proteja computadores, laptops, tablets, smartphones, c\u00e2meras fotogr\u00e1ficas, entre outros com o Seguro Equipamentos El\u00e9tricos e [&hellip;]<\/p>\n","protected":false},"author":1,"featured_media":0,"parent":0,"menu_order":0,"comment_status":"closed","ping_status":"closed","template":"fullwidth-template.php","meta":{"footnotes":""},"class_list":["post-120","page","type-page","status-publish","hentry"],"_links":{"self":[{"href":"https:\/\/umbriaprivate.com.br\/site\/wp-json\/wp\/v2\/pages\/120","targetHints":{"allow":["GET"]}}],"collection":[{"href":"https:\/\/umbriaprivate.com.br\/site\/wp-json\/wp\/v2\/pages"}],"about":[{"href":"https:\/\/umbriaprivate.com.br\/site\/wp-json\/wp\/v2\/types\/page"}],"author":[{"embeddable":true,"href":"https:\/\/umbriaprivate.com.br\/site\/wp-json\/wp\/v2\/users\/1"}],"replies":[{"embeddable":true,"href":"https:\/\/umbriaprivate.com.br\/site\/wp-json\/wp\/v2\/comments?post=120"}],"version-history":[{"count":2,"href":"https:\/\/umbriaprivate.com.br\/site\/wp-json\/wp\/v2\/pages\/120\/revisions"}],"predecessor-version":[{"id":188,"href":"https:\/\/umbriaprivate.com.br\/site\/wp-json\/wp\/v2\/pages\/120\/revisions\/188"}],"wp:attachment":[{"href":"https:\/\/umbriaprivate.com.br\/site\/wp-json\/wp\/v2\/media?parent=120"}],"curies":[{"name":"wp","href":"https:\/\/api.w.org\/{rel}","templated":true}]}}