{"id":123,"date":"2022-09-29T22:03:51","date_gmt":"2022-09-29T22:03:51","guid":{"rendered":"https:\/\/umbriaprivate.com.br\/site\/?page_id=123"},"modified":"2022-10-05T14:54:14","modified_gmt":"2022-10-05T14:54:14","slug":"seguro-fianca-locaticia","status":"publish","type":"page","link":"https:\/\/umbriaprivate.com.br\/site\/seguro-fianca-locaticia\/","title":{"rendered":"Seguro Fian\u00e7a Locat\u00edcia"},"content":{"rendered":"\n<div class=\"wp-block-media-text alignwide is-stacked-on-mobile\"><figure class=\"wp-block-media-text__media\"><img fetchpriority=\"high\" decoding=\"async\" width=\"650\" height=\"402\" src=\"https:\/\/umbriaprivate.com.br\/site\/wp-content\/uploads\/2022\/09\/fianca.jpg\" alt=\"\" class=\"wp-image-124 size-full\" srcset=\"https:\/\/umbriaprivate.com.br\/site\/wp-content\/uploads\/2022\/09\/fianca.jpg 650w, https:\/\/umbriaprivate.com.br\/site\/wp-content\/uploads\/2022\/09\/fianca-300x186.jpg 300w\" sizes=\"(max-width: 650px) 100vw, 650px\" \/><\/figure><div class=\"wp-block-media-text__content\">\n<h2 class=\"wp-block-heading\">O Seguro Fian\u00e7a Locat\u00edcia proporciona praticidade para o inquilino e seguran\u00e7a para o propriet\u00e1rio<\/h2>\n\n\n\n<p>A tranquilidade e seguran\u00e7a que voc\u00ea precisa ao locar seu im\u00f3vel e a praticidade para o seu inquilino, assim \u00e9 o Seguro Fian\u00e7a Locat\u00edcia, um seguro que garante agilidade e conta com v\u00e1rias coberturas e benef\u00edcios, como:<\/p>\n\n\n\n<ul class=\"wp-block-list\"><li>Pagamento de aluguel;<\/li><li>Custeio de encargos mensais da loca\u00e7\u00e3o (IPTU, Condom\u00ednio, \u00e1gua, luz, g\u00e1s);<\/li><li>Danos ao im\u00f3vel;<\/li><li>Pintura;<\/li><li>Servi\u00e7os emergenciais de reparos;<\/li><li>Entre outros.<\/li><\/ul>\n<\/div><\/div>\n\n\n\n<p>O Seguro Fian\u00e7a Locat\u00edcia veio para simplificar a rela\u00e7\u00e3o Locador e Locat\u00e1rio dispensando a necessidade de cheque cau\u00e7\u00e3o ou a indica\u00e7\u00e3o de um fiador.<\/p>\n\n\n\n<p><strong>Solicite uma cota\u00e7\u00e3o, sem compromisso.<\/strong><\/p>\n","protected":false},"excerpt":{"rendered":"<p>O Seguro Fian\u00e7a Locat\u00edcia proporciona praticidade para o inquilino e seguran\u00e7a para o propriet\u00e1rio A tranquilidade e seguran\u00e7a que voc\u00ea precisa ao locar seu im\u00f3vel e a praticidade para o seu inquilino, assim \u00e9 o Seguro Fian\u00e7a Locat\u00edcia, um seguro que garante agilidade e conta com v\u00e1rias coberturas e benef\u00edcios, como: Pagamento de aluguel; Custeio [&hellip;]<\/p>\n","protected":false},"author":1,"featured_media":0,"parent":0,"menu_order":0,"comment_status":"closed","ping_status":"closed","template":"fullwidth-template.php","meta":{"footnotes":""},"class_list":["post-123","page","type-page","status-publish","hentry"],"_links":{"self":[{"href":"https:\/\/umbriaprivate.com.br\/site\/wp-json\/wp\/v2\/pages\/123","targetHints":{"allow":["GET"]}}],"collection":[{"href":"https:\/\/umbriaprivate.com.br\/site\/wp-json\/wp\/v2\/pages"}],"about":[{"href":"https:\/\/umbriaprivate.com.br\/site\/wp-json\/wp\/v2\/types\/page"}],"author":[{"embeddable":true,"href":"https:\/\/umbriaprivate.com.br\/site\/wp-json\/wp\/v2\/users\/1"}],"replies":[{"embeddable":true,"href":"https:\/\/umbriaprivate.com.br\/site\/wp-json\/wp\/v2\/comments?post=123"}],"version-history":[{"count":4,"href":"https:\/\/umbriaprivate.com.br\/site\/wp-json\/wp\/v2\/pages\/123\/revisions"}],"predecessor-version":[{"id":191,"href":"https:\/\/umbriaprivate.com.br\/site\/wp-json\/wp\/v2\/pages\/123\/revisions\/191"}],"wp:attachment":[{"href":"https:\/\/umbriaprivate.com.br\/site\/wp-json\/wp\/v2\/media?parent=123"}],"curies":[{"name":"wp","href":"https:\/\/api.w.org\/{rel}","templated":true}]}}