{"id":126,"date":"2022-09-29T22:04:48","date_gmt":"2022-09-29T22:04:48","guid":{"rendered":"https:\/\/umbriaprivate.com.br\/site\/?page_id=126"},"modified":"2022-10-05T14:54:59","modified_gmt":"2022-10-05T14:54:59","slug":"seguro-garantia","status":"publish","type":"page","link":"https:\/\/umbriaprivate.com.br\/site\/seguro-garantia\/","title":{"rendered":"Seguro Garantia"},"content":{"rendered":"\n<div class=\"wp-block-media-text alignwide is-stacked-on-mobile\"><figure class=\"wp-block-media-text__media\"><img fetchpriority=\"high\" decoding=\"async\" width=\"650\" height=\"402\" src=\"https:\/\/umbriaprivate.com.br\/site\/wp-content\/uploads\/2022\/09\/garantia.jpg\" alt=\"\" class=\"wp-image-127 size-full\" srcset=\"https:\/\/umbriaprivate.com.br\/site\/wp-content\/uploads\/2022\/09\/garantia.jpg 650w, https:\/\/umbriaprivate.com.br\/site\/wp-content\/uploads\/2022\/09\/garantia-300x186.jpg 300w\" sizes=\"(max-width: 650px) 100vw, 650px\" \/><\/figure><div class=\"wp-block-media-text__content\">\n<h2 class=\"wp-block-heading\">O Seguro Garantia protege contra modalidades judiciais e administrativas<\/h2>\n\n\n\n<p>O Seguro Garantia \u00e9 indicado, especialmente, para empresas que participam de licita\u00e7\u00f5es p\u00fablicas ou firmam contratos que exigem garantia na execu\u00e7\u00e3o de obras ou projetos, fornecimento de bens e\/ou presta\u00e7\u00e3o de servi\u00e7os.<\/p>\n\n\n\n<p>Este seguro cobre eventuais preju\u00edzos, apurados ao seu neg\u00f3cio, causados pelo n\u00e3o cumprimento das obriga\u00e7\u00f5es contratuais.<\/p>\n\n\n\n<p><strong>Solicite uma cota\u00e7\u00e3o, sem compromisso.<\/strong><\/p>\n<\/div><\/div>\n","protected":false},"excerpt":{"rendered":"<p>O Seguro Garantia protege contra modalidades judiciais e administrativas O Seguro Garantia \u00e9 indicado, especialmente, para empresas que participam de licita\u00e7\u00f5es p\u00fablicas ou firmam contratos que exigem garantia na execu\u00e7\u00e3o de obras ou projetos, fornecimento de bens e\/ou presta\u00e7\u00e3o de servi\u00e7os. Este seguro cobre eventuais preju\u00edzos, apurados ao seu neg\u00f3cio, causados pelo n\u00e3o cumprimento das [&hellip;]<\/p>\n","protected":false},"author":1,"featured_media":0,"parent":0,"menu_order":0,"comment_status":"closed","ping_status":"closed","template":"fullwidth-template.php","meta":{"footnotes":""},"class_list":["post-126","page","type-page","status-publish","hentry"],"_links":{"self":[{"href":"https:\/\/umbriaprivate.com.br\/site\/wp-json\/wp\/v2\/pages\/126","targetHints":{"allow":["GET"]}}],"collection":[{"href":"https:\/\/umbriaprivate.com.br\/site\/wp-json\/wp\/v2\/pages"}],"about":[{"href":"https:\/\/umbriaprivate.com.br\/site\/wp-json\/wp\/v2\/types\/page"}],"author":[{"embeddable":true,"href":"https:\/\/umbriaprivate.com.br\/site\/wp-json\/wp\/v2\/users\/1"}],"replies":[{"embeddable":true,"href":"https:\/\/umbriaprivate.com.br\/site\/wp-json\/wp\/v2\/comments?post=126"}],"version-history":[{"count":2,"href":"https:\/\/umbriaprivate.com.br\/site\/wp-json\/wp\/v2\/pages\/126\/revisions"}],"predecessor-version":[{"id":192,"href":"https:\/\/umbriaprivate.com.br\/site\/wp-json\/wp\/v2\/pages\/126\/revisions\/192"}],"wp:attachment":[{"href":"https:\/\/umbriaprivate.com.br\/site\/wp-json\/wp\/v2\/media?parent=126"}],"curies":[{"name":"wp","href":"https:\/\/api.w.org\/{rel}","templated":true}]}}