{"id":129,"date":"2022-09-29T22:07:04","date_gmt":"2022-09-29T22:07:04","guid":{"rendered":"https:\/\/umbriaprivate.com.br\/site\/?page_id=129"},"modified":"2022-10-05T14:55:48","modified_gmt":"2022-10-05T14:55:48","slug":"seguro-motocicleta","status":"publish","type":"page","link":"https:\/\/umbriaprivate.com.br\/site\/seguro-motocicleta\/","title":{"rendered":"Seguro Motocicleta"},"content":{"rendered":"\n<div class=\"wp-block-media-text alignwide is-stacked-on-mobile\"><figure class=\"wp-block-media-text__media\"><img fetchpriority=\"high\" decoding=\"async\" width=\"650\" height=\"402\" src=\"https:\/\/umbriaprivate.com.br\/site\/wp-content\/uploads\/2022\/09\/moto.jpg\" alt=\"\" class=\"wp-image-130 size-full\" srcset=\"https:\/\/umbriaprivate.com.br\/site\/wp-content\/uploads\/2022\/09\/moto.jpg 650w, https:\/\/umbriaprivate.com.br\/site\/wp-content\/uploads\/2022\/09\/moto-300x186.jpg 300w\" sizes=\"(max-width: 650px) 100vw, 650px\" \/><\/figure><div class=\"wp-block-media-text__content\">\n<h2 class=\"wp-block-heading\">Quando estiver relaxando na estrada, n\u00e3o fique na m\u00e3o<\/h2>\n\n\n\n<p>Uma moto \u00e9 sin\u00f4nimo de liberdade. Ela permite o deslocamento na cidade ou estrada com todas as facilidades, e voc\u00ea precisa estar tranquilo. O Seguro Moto garante a prote\u00e7\u00e3o e a tranquilidade que voc\u00ea precisa e protege contra:<\/p>\n\n\n\n<ul class=\"wp-block-list\"><li>Roubo<\/li><li>Furto<\/li><li>Inc\u00eandio<\/li><li>Danos \u00e0 terceiros<\/li><li>Entre outras coberturas.<\/li><\/ul>\n\n\n\n<p>Apresentamos sempre as melhores seguradoras com as coberturas adequadas ao seu perfil.<\/p>\n\n\n\n<p><strong>Solicite uma cota\u00e7\u00e3o, sem compromisso.<\/strong><\/p>\n<\/div><\/div>\n","protected":false},"excerpt":{"rendered":"<p>Quando estiver relaxando na estrada, n\u00e3o fique na m\u00e3o Uma moto \u00e9 sin\u00f4nimo de liberdade. Ela permite o deslocamento na cidade ou estrada com todas as facilidades, e voc\u00ea precisa estar tranquilo. O Seguro Moto garante a prote\u00e7\u00e3o e a tranquilidade que voc\u00ea precisa e protege contra: Roubo Furto Inc\u00eandio Danos \u00e0 terceiros Entre outras [&hellip;]<\/p>\n","protected":false},"author":1,"featured_media":0,"parent":0,"menu_order":0,"comment_status":"closed","ping_status":"closed","template":"fullwidth-template.php","meta":{"footnotes":""},"class_list":["post-129","page","type-page","status-publish","hentry"],"_links":{"self":[{"href":"https:\/\/umbriaprivate.com.br\/site\/wp-json\/wp\/v2\/pages\/129","targetHints":{"allow":["GET"]}}],"collection":[{"href":"https:\/\/umbriaprivate.com.br\/site\/wp-json\/wp\/v2\/pages"}],"about":[{"href":"https:\/\/umbriaprivate.com.br\/site\/wp-json\/wp\/v2\/types\/page"}],"author":[{"embeddable":true,"href":"https:\/\/umbriaprivate.com.br\/site\/wp-json\/wp\/v2\/users\/1"}],"replies":[{"embeddable":true,"href":"https:\/\/umbriaprivate.com.br\/site\/wp-json\/wp\/v2\/comments?post=129"}],"version-history":[{"count":2,"href":"https:\/\/umbriaprivate.com.br\/site\/wp-json\/wp\/v2\/pages\/129\/revisions"}],"predecessor-version":[{"id":193,"href":"https:\/\/umbriaprivate.com.br\/site\/wp-json\/wp\/v2\/pages\/129\/revisions\/193"}],"wp:attachment":[{"href":"https:\/\/umbriaprivate.com.br\/site\/wp-json\/wp\/v2\/media?parent=129"}],"curies":[{"name":"wp","href":"https:\/\/api.w.org\/{rel}","templated":true}]}}