{"id":138,"date":"2022-09-29T22:11:24","date_gmt":"2022-09-29T22:11:24","guid":{"rendered":"https:\/\/umbriaprivate.com.br\/site\/?page_id=138"},"modified":"2022-10-05T14:58:11","modified_gmt":"2022-10-05T14:58:11","slug":"seguro-residencial","status":"publish","type":"page","link":"https:\/\/umbriaprivate.com.br\/site\/seguro-residencial\/","title":{"rendered":"Seguro Residencial"},"content":{"rendered":"\n<div class=\"wp-block-media-text alignwide is-stacked-on-mobile\"><figure class=\"wp-block-media-text__media\"><img fetchpriority=\"high\" decoding=\"async\" width=\"700\" height=\"620\" src=\"https:\/\/umbriaprivate.com.br\/site\/wp-content\/uploads\/2022\/09\/residencial-1.png\" alt=\"\" class=\"wp-image-139 size-full\" srcset=\"https:\/\/umbriaprivate.com.br\/site\/wp-content\/uploads\/2022\/09\/residencial-1.png 700w, https:\/\/umbriaprivate.com.br\/site\/wp-content\/uploads\/2022\/09\/residencial-1-300x266.png 300w\" sizes=\"(max-width: 700px) 100vw, 700px\" \/><\/figure><div class=\"wp-block-media-text__content\">\n<h2 class=\"wp-block-heading\">O Seguro Residencial protege o seu patrim\u00f4nio e ainda oferece diversas vantagens<\/h2>\n\n\n\n<p>Contrate um Seguro Residencial e proteja sua resid\u00eancia contra diversos transtornos, al\u00e9m de possuir um amplo leque de benef\u00edcios e servi\u00e7os emergenciais 24 horas. Um seguro que pode ser a tranquilidade durante aquele imprevisto envolvendo:<\/p>\n\n\n\n<ul class=\"wp-block-list\"><li>Roubo;<\/li><li>Furto;<\/li><li>Alagamento;<\/li><li>Queimadas;<\/li><li>Vendaval;<\/li><li>Impacto de ve\u00edculos;<\/li><li>Danos el\u00e9tricos;<\/li><li>Responsabilidade civil familiar;<\/li><li>Entre outras.<\/li><\/ul>\n\n\n\n<p>Sem d\u00favida alguma um \u00f3timo custo-benef\u00edcio para voc\u00ea e seu im\u00f3vel. <\/p>\n\n\n\n<p><strong>Solicite uma cota\u00e7\u00e3o, sem compromisso.<\/strong><\/p>\n<\/div><\/div>\n","protected":false},"excerpt":{"rendered":"<p>O Seguro Residencial protege o seu patrim\u00f4nio e ainda oferece diversas vantagens Contrate um Seguro Residencial e proteja sua resid\u00eancia contra diversos transtornos, al\u00e9m de possuir um amplo leque de benef\u00edcios e servi\u00e7os emergenciais 24 horas. Um seguro que pode ser a tranquilidade durante aquele imprevisto envolvendo: Roubo; Furto; Alagamento; Queimadas; Vendaval; Impacto de ve\u00edculos; [&hellip;]<\/p>\n","protected":false},"author":1,"featured_media":0,"parent":0,"menu_order":0,"comment_status":"closed","ping_status":"closed","template":"fullwidth-template.php","meta":{"footnotes":""},"class_list":["post-138","page","type-page","status-publish","hentry"],"_links":{"self":[{"href":"https:\/\/umbriaprivate.com.br\/site\/wp-json\/wp\/v2\/pages\/138","targetHints":{"allow":["GET"]}}],"collection":[{"href":"https:\/\/umbriaprivate.com.br\/site\/wp-json\/wp\/v2\/pages"}],"about":[{"href":"https:\/\/umbriaprivate.com.br\/site\/wp-json\/wp\/v2\/types\/page"}],"author":[{"embeddable":true,"href":"https:\/\/umbriaprivate.com.br\/site\/wp-json\/wp\/v2\/users\/1"}],"replies":[{"embeddable":true,"href":"https:\/\/umbriaprivate.com.br\/site\/wp-json\/wp\/v2\/comments?post=138"}],"version-history":[{"count":2,"href":"https:\/\/umbriaprivate.com.br\/site\/wp-json\/wp\/v2\/pages\/138\/revisions"}],"predecessor-version":[{"id":196,"href":"https:\/\/umbriaprivate.com.br\/site\/wp-json\/wp\/v2\/pages\/138\/revisions\/196"}],"wp:attachment":[{"href":"https:\/\/umbriaprivate.com.br\/site\/wp-json\/wp\/v2\/media?parent=138"}],"curies":[{"name":"wp","href":"https:\/\/api.w.org\/{rel}","templated":true}]}}