{"id":141,"date":"2022-09-29T22:12:35","date_gmt":"2022-09-29T22:12:35","guid":{"rendered":"https:\/\/umbriaprivate.com.br\/site\/?page_id=141"},"modified":"2022-10-05T15:01:49","modified_gmt":"2022-10-05T15:01:49","slug":"seguro-saude","status":"publish","type":"page","link":"https:\/\/umbriaprivate.com.br\/site\/seguro-saude\/","title":{"rendered":"Seguro Sa\u00fade"},"content":{"rendered":"\n<div class=\"wp-block-media-text alignwide is-stacked-on-mobile\"><figure class=\"wp-block-media-text__media\"><img fetchpriority=\"high\" decoding=\"async\" width=\"1024\" height=\"683\" src=\"https:\/\/umbriaprivate.com.br\/site\/wp-content\/uploads\/2022\/10\/young-handsome-physician-in-a-medical-robe-with-stethoscope-1024x683.jpg\" alt=\"\" class=\"wp-image-199 size-full\" srcset=\"https:\/\/umbriaprivate.com.br\/site\/wp-content\/uploads\/2022\/10\/young-handsome-physician-in-a-medical-robe-with-stethoscope-1024x683.jpg 1024w, https:\/\/umbriaprivate.com.br\/site\/wp-content\/uploads\/2022\/10\/young-handsome-physician-in-a-medical-robe-with-stethoscope-300x200.jpg 300w, https:\/\/umbriaprivate.com.br\/site\/wp-content\/uploads\/2022\/10\/young-handsome-physician-in-a-medical-robe-with-stethoscope-768x512.jpg 768w, https:\/\/umbriaprivate.com.br\/site\/wp-content\/uploads\/2022\/10\/young-handsome-physician-in-a-medical-robe-with-stethoscope-1536x1024.jpg 1536w, https:\/\/umbriaprivate.com.br\/site\/wp-content\/uploads\/2022\/10\/young-handsome-physician-in-a-medical-robe-with-stethoscope-2048x1366.jpg 2048w\" sizes=\"(max-width: 1024px) 100vw, 1024px\" \/><\/figure><div class=\"wp-block-media-text__content\">\n<h2 class=\"wp-block-heading\"><strong>Escolha onde e quem pode cuidar da sua sa\u00fade<\/strong><\/h2>\n\n\n\n<p>N\u00e3o fique limitado \u00e0 rede de profissionais, cl\u00ednicas, hospitais e laborat\u00f3rios da operadora. Fa\u00e7a um Seguro Sa\u00fade e tenha liberdade de escolher onde e quem pode cuidar da sua sa\u00fade.<\/p>\n\n\n\n<p>O seguro oferece benef\u00edcios como ampla rede credenciada, a possibilidade de reembolso de despesas m\u00e9dicas, hospitalares e odontol\u00f3gicas. O limite de reembolso varia de acordo com o plano ou modalidade do seguro.<\/p>\n\n\n\n<p>A Umbria Private trabalha em parcerias com as maiores operadoras nacionais e internacionais e est\u00e1 pronta para oferecer a melhor solu\u00e7\u00e3o dentro do seu perfil.<\/p>\n\n\n\n<p><strong>Solicite uma cota\u00e7\u00e3o, sem compromisso.<\/strong><\/p>\n<\/div><\/div>\n\n\n\n<p><\/p>\n","protected":false},"excerpt":{"rendered":"<p>Escolha onde e quem pode cuidar da sua sa\u00fade N\u00e3o fique limitado \u00e0 rede de profissionais, cl\u00ednicas, hospitais e laborat\u00f3rios da operadora. Fa\u00e7a um Seguro Sa\u00fade e tenha liberdade de escolher onde e quem pode cuidar da sua sa\u00fade. O seguro oferece benef\u00edcios como ampla rede credenciada, a possibilidade de reembolso de despesas m\u00e9dicas, hospitalares [&hellip;]<\/p>\n","protected":false},"author":1,"featured_media":0,"parent":0,"menu_order":0,"comment_status":"closed","ping_status":"closed","template":"fullwidth-template.php","meta":{"footnotes":""},"class_list":["post-141","page","type-page","status-publish","hentry"],"_links":{"self":[{"href":"https:\/\/umbriaprivate.com.br\/site\/wp-json\/wp\/v2\/pages\/141","targetHints":{"allow":["GET"]}}],"collection":[{"href":"https:\/\/umbriaprivate.com.br\/site\/wp-json\/wp\/v2\/pages"}],"about":[{"href":"https:\/\/umbriaprivate.com.br\/site\/wp-json\/wp\/v2\/types\/page"}],"author":[{"embeddable":true,"href":"https:\/\/umbriaprivate.com.br\/site\/wp-json\/wp\/v2\/users\/1"}],"replies":[{"embeddable":true,"href":"https:\/\/umbriaprivate.com.br\/site\/wp-json\/wp\/v2\/comments?post=141"}],"version-history":[{"count":6,"href":"https:\/\/umbriaprivate.com.br\/site\/wp-json\/wp\/v2\/pages\/141\/revisions"}],"predecessor-version":[{"id":201,"href":"https:\/\/umbriaprivate.com.br\/site\/wp-json\/wp\/v2\/pages\/141\/revisions\/201"}],"wp:attachment":[{"href":"https:\/\/umbriaprivate.com.br\/site\/wp-json\/wp\/v2\/media?parent=141"}],"curies":[{"name":"wp","href":"https:\/\/api.w.org\/{rel}","templated":true}]}}