{"id":145,"date":"2022-09-29T22:17:43","date_gmt":"2022-09-29T22:17:43","guid":{"rendered":"https:\/\/umbriaprivate.com.br\/site\/?page_id=145"},"modified":"2024-08-08T20:00:20","modified_gmt":"2024-08-08T20:00:20","slug":"seguro-solar","status":"publish","type":"page","link":"https:\/\/umbriaprivate.com.br\/site\/seguro-solar\/","title":{"rendered":"Seguro Solar"},"content":{"rendered":"\n<h2 class=\"wp-block-heading has-text-align-center\">Conte com a nossa consultoria para o seguro do seu sistema fotovoltaico.<\/h2>\n\n\n\n<h3 class=\"wp-block-heading has-text-align-center\">J\u00e1 efetuamos mais de 500 mil seguros para propriet\u00e1rios e integradores solares em todo o pa\u00eds.<\/h3>\n\n\n\n<div style=\"height:26px\" aria-hidden=\"true\" class=\"wp-block-spacer\"><\/div>\n\n\n\n<hr class=\"wp-block-separator has-alpha-channel-opacity\"\/>\n\n\n\n<div style=\"height:25px\" aria-hidden=\"true\" class=\"wp-block-spacer\"><\/div>\n\n\n\n<h1 class=\"wp-block-heading has-text-align-center\">SEGURO DE RISCOS OPERACIONAIS<\/h1>\n\n\n\n<div style=\"height:13px\" aria-hidden=\"true\" class=\"wp-block-spacer\"><\/div>\n\n\n\n<div class=\"wp-block-media-text alignwide has-media-on-the-right is-stacked-on-mobile\"><div class=\"wp-block-media-text__content\">\n<p>\u00c9 o seguro dos equipamentos v\u00e1lido ap\u00f3s a conclus\u00e3o da instala\u00e7\u00e3o do sistema fotovoltaico. Cobre danos de causas externas, tais como: inc\u00eandio, vendaval, granizo, lucros cessantes e danos el\u00e9tricos.<\/p>\n\n\n\n<p><strong>Vig\u00eancia:<\/strong> 12 meses (Hum ano).<\/p>\n\n\n\n<div style=\"height:9px\" aria-hidden=\"true\" class=\"wp-block-spacer\"><\/div>\n\n\n\n<div class=\"wp-block-buttons is-layout-flex wp-block-buttons-is-layout-flex\">\n<div class=\"wp-block-button is-style-fill\"><a class=\"wp-block-button__link wp-element-button\" href=\"http:\/\/solar.umbriaprivate.com.br\/#cotacao\">CALCULE AQUI O SEU SEGURO SOLAR<\/a><\/div>\n<\/div>\n<\/div><figure class=\"wp-block-media-text__media\"><img fetchpriority=\"high\" decoding=\"async\" width=\"1024\" height=\"569\" src=\"https:\/\/umbriaprivate.com.br\/site\/wp-content\/uploads\/2022\/09\/danos-1024x569.jpg\" alt=\"\" class=\"wp-image-147 size-full\" srcset=\"https:\/\/umbriaprivate.com.br\/site\/wp-content\/uploads\/2022\/09\/danos-1024x569.jpg 1024w, https:\/\/umbriaprivate.com.br\/site\/wp-content\/uploads\/2022\/09\/danos-300x167.jpg 300w, https:\/\/umbriaprivate.com.br\/site\/wp-content\/uploads\/2022\/09\/danos-768x427.jpg 768w, https:\/\/umbriaprivate.com.br\/site\/wp-content\/uploads\/2022\/09\/danos.jpg 1280w\" sizes=\"(max-width: 1024px) 100vw, 1024px\" \/><\/figure><\/div>\n\n\n\n<h3 class=\"wp-block-heading has-vivid-red-color has-text-color has-link-color wp-elements-2fa54a938927a2a2f186a291326f96c3\">Obs.: O c\u00e1lculo apresentado \u00e9 uma estimativa. O pr\u00eamio m\u00ednimo para contrata\u00e7\u00e3o do seguro \u00e9 de R$ 300,00.<\/h3>\n\n\n\n<h3 class=\"wp-block-heading\">D\u00favidas? Consulte nossa equipe de especialistas.<\/h3>\n\n\n\n<div style=\"height:50px\" aria-hidden=\"true\" class=\"wp-block-spacer\"><\/div>\n\n\n\n<div class=\"wp-block-cover alignwide\" style=\"min-height:138px;aspect-ratio:unset;\"><span aria-hidden=\"true\" class=\"wp-block-cover__background has-background-dim\"><\/span><img decoding=\"async\" width=\"800\" height=\"200\" class=\"wp-block-cover__image-background wp-image-473\" alt=\"\" src=\"https:\/\/umbriaprivate.com.br\/site\/wp-content\/uploads\/2023\/05\/FUNDO-2.png\" data-object-fit=\"cover\" srcset=\"https:\/\/umbriaprivate.com.br\/site\/wp-content\/uploads\/2023\/05\/FUNDO-2.png 800w, https:\/\/umbriaprivate.com.br\/site\/wp-content\/uploads\/2023\/05\/FUNDO-2-300x75.png 300w, https:\/\/umbriaprivate.com.br\/site\/wp-content\/uploads\/2023\/05\/FUNDO-2-768x192.png 768w\" sizes=\"(max-width: 800px) 100vw, 800px\" \/><div class=\"wp-block-cover__inner-container is-layout-flow wp-block-cover-is-layout-flow\">\n<h2 class=\"wp-block-heading has-text-align-center has-large-font-size\">COBERTURAS E FRANQUIAS<\/h2>\n<\/div><\/div>\n\n\n\n<div style=\"height:50px\" aria-hidden=\"true\" class=\"wp-block-spacer\"><\/div>\n\n\n\n<h4 class=\"wp-block-heading\">Saiba mais sobre as coberturas e franquias para o Seguro de Riscos Operacionais.<\/h4>\n\n\n\n<p><\/p>\n\n\n\n<div class=\"wp-block-buttons is-layout-flex wp-block-buttons-is-layout-flex\">\n<div class=\"wp-block-button\"><a class=\"wp-block-button__link wp-element-button\" href=\"https:\/\/umbriaprivate.com.br\/site\/coberturas-e-franquias\/\">Acesse a tabela.<\/a><\/div>\n<\/div>\n\n\n\n<div style=\"height:50px\" aria-hidden=\"true\" class=\"wp-block-spacer\"><\/div>\n\n\n\n<div class=\"wp-block-cover alignwide is-light\" style=\"min-height:138px;aspect-ratio:unset;\"><span aria-hidden=\"true\" class=\"wp-block-cover__background has-background-dim\"><\/span><img decoding=\"async\" width=\"800\" height=\"200\" class=\"wp-block-cover__image-background wp-image-474\" alt=\"\" src=\"https:\/\/umbriaprivate.com.br\/site\/wp-content\/uploads\/2023\/05\/fundo-v2-dourado.png\" data-object-fit=\"cover\" srcset=\"https:\/\/umbriaprivate.com.br\/site\/wp-content\/uploads\/2023\/05\/fundo-v2-dourado.png 800w, https:\/\/umbriaprivate.com.br\/site\/wp-content\/uploads\/2023\/05\/fundo-v2-dourado-300x75.png 300w, https:\/\/umbriaprivate.com.br\/site\/wp-content\/uploads\/2023\/05\/fundo-v2-dourado-768x192.png 768w\" sizes=\"(max-width: 800px) 100vw, 800px\" \/><div class=\"wp-block-cover__inner-container is-layout-flow wp-block-cover-is-layout-flow\">\n<h2 class=\"wp-block-heading has-text-align-center has-large-font-size\"><mark style=\"background-color:rgba(0, 0, 0, 0)\" class=\"has-inline-color has-white-color\">EXEMPLOS DE SINISTROS<\/mark><\/h2>\n<\/div><\/div>\n\n\n\n<div style=\"height:25px\" aria-hidden=\"true\" class=\"wp-block-spacer\"><\/div>\n\n\n\n<div class=\"wp-block-columns is-layout-flex wp-container-core-columns-is-layout-9d6595d7 wp-block-columns-is-layout-flex\">\n<div class=\"wp-block-column is-layout-flow wp-block-column-is-layout-flow\">\n<div style=\"height:25px\" aria-hidden=\"true\" class=\"wp-block-spacer\"><\/div>\n\n\n\n<figure class=\"wp-block-image size-large is-resized\"><img loading=\"lazy\" decoding=\"async\" width=\"768\" height=\"1024\" src=\"https:\/\/umbriaprivate.com.br\/site\/wp-content\/uploads\/2023\/05\/20220115_102415-768x1024.jpg\" alt=\"\" class=\"wp-image-475\" style=\"width:272px;height:362px\" srcset=\"https:\/\/umbriaprivate.com.br\/site\/wp-content\/uploads\/2023\/05\/20220115_102415-768x1024.jpg 768w, https:\/\/umbriaprivate.com.br\/site\/wp-content\/uploads\/2023\/05\/20220115_102415-225x300.jpg 225w, https:\/\/umbriaprivate.com.br\/site\/wp-content\/uploads\/2023\/05\/20220115_102415-1152x1536.jpg 1152w, https:\/\/umbriaprivate.com.br\/site\/wp-content\/uploads\/2023\/05\/20220115_102415-scaled.jpg 1920w\" sizes=\"(max-width: 768px) 100vw, 768px\" \/><\/figure>\n<\/div>\n\n\n\n<div class=\"wp-block-column is-layout-flow wp-block-column-is-layout-flow\">\n<div style=\"height:25px\" aria-hidden=\"true\" class=\"wp-block-spacer\"><\/div>\n\n\n\n<h2 class=\"wp-block-heading\">Cobertura b\u00e1sica<\/h2>\n\n\n\n<p>Cobre danos de causa externa como inc\u00eandio, vendaval, queda de raio, granizo, impacto de ve\u00edculos, queda de aeronave, roubo, furto qualificado etc.<\/p>\n\n\n\n<p><strong><em>Exemplo 01:<\/em><\/strong> durante uma tempestade v\u00e1rios m\u00f3dulos fotovoltaicos s\u00e3o levados pelo vento.<br><strong><em>Exemplo 02:<\/em><\/strong> uma usina de solo \u00e9 invadida por ladr\u00f5es que roubam os inversores.<\/p>\n<\/div>\n\n\n\n<div class=\"wp-block-column is-layout-flow wp-block-column-is-layout-flow\">\n<div style=\"height:25px\" aria-hidden=\"true\" class=\"wp-block-spacer\"><\/div>\n\n\n\n<h2 class=\"wp-block-heading\">Cobertura adicional de danos el\u00e9tricos<\/h2>\n\n\n\n<p>Cobre danos el\u00e9tricos ao sistema fotovoltaico causados por oscila\u00e7\u00e3o de corrente vinda da rede da Concession\u00e1ria. Limitado a 30% do valor total do projeto.<\/p>\n\n\n\n<p><strong><em>Exemplo:<\/em><\/strong> durante uma forte chuva com queda de raios, o inversor queima devido a oscila\u00e7\u00e3o de corrente da rede de energia.<\/p>\n<\/div>\n<\/div>\n\n\n\n<div style=\"height:25px\" aria-hidden=\"true\" class=\"wp-block-spacer\"><\/div>\n\n\n\n<div class=\"wp-block-cover alignwide\" style=\"min-height:138px;aspect-ratio:unset;\"><span aria-hidden=\"true\" class=\"wp-block-cover__background has-background-dim\"><\/span><img decoding=\"async\" width=\"800\" height=\"200\" class=\"wp-block-cover__image-background wp-image-473\" alt=\"\" src=\"https:\/\/umbriaprivate.com.br\/site\/wp-content\/uploads\/2023\/05\/FUNDO-2.png\" data-object-fit=\"cover\" srcset=\"https:\/\/umbriaprivate.com.br\/site\/wp-content\/uploads\/2023\/05\/FUNDO-2.png 800w, https:\/\/umbriaprivate.com.br\/site\/wp-content\/uploads\/2023\/05\/FUNDO-2-300x75.png 300w, https:\/\/umbriaprivate.com.br\/site\/wp-content\/uploads\/2023\/05\/FUNDO-2-768x192.png 768w\" sizes=\"(max-width: 800px) 100vw, 800px\" \/><div class=\"wp-block-cover__inner-container is-layout-flow wp-block-cover-is-layout-flow\">\n<h2 class=\"wp-block-heading has-text-align-center has-large-font-size\"><mark style=\"background-color:rgba(0, 0, 0, 0)\" class=\"has-inline-color has-white-color\">PERGUNTAS E D\u00daVIDAS FREQUENTES<\/mark><\/h2>\n<\/div><\/div>\n\n\n\n<div style=\"height:25px\" aria-hidden=\"true\" class=\"wp-block-spacer\"><\/div>\n\n\n\n<div class=\"wp-block-columns is-layout-flex wp-container-core-columns-is-layout-9d6595d7 wp-block-columns-is-layout-flex\">\n<div class=\"wp-block-column is-layout-flow wp-block-column-is-layout-flow\">\n<p><strong>O que cobre este seguro?<\/strong><br>Danos de causa externa ao Kit Fotovoltaico.<\/p>\n\n\n\n<p><strong>Qual o valor de cobertura devo contratar?<\/strong><br>Voc\u00ea deve contratar o valor total do projeto.<\/p>\n\n\n\n<p><strong>Tenho uma usina de solo, se houver uma colis\u00e3o<br>com um ve\u00edculo, tem cobertura?<\/strong><br>Sim.<\/p>\n\n\n\n<p><strong>Tenho uma usina na zona rural, posso contratar o seguro?<\/strong><br>Sim.<\/p>\n\n\n\n<p><strong>Em caso de sinistro, a m\u00e3o de obra est\u00e1 inclusa?<\/strong><br>Sim.<\/p>\n\n\n\n<p><strong>Se houver uma oscila\u00e7\u00e3o de corrente devido \u00e0 forte chuvas e queimar meu inversor, tem cobertura?<\/strong><br>Sim.<\/p>\n\n\n\n<p><strong>Tem cobertura para queda de granizo?<\/strong><br>Sim.<\/p>\n<\/div>\n\n\n\n<div class=\"wp-block-column is-layout-flow wp-block-column-is-layout-flow\">\n<p><strong>Em caso de sinistro, terei algum valor para pagar?<\/strong><br>O valor da franquia, como em todos os demais seguros, ser\u00e1 deduzida do valor reembolsado pela seguradora.<\/p>\n\n\n\n<p><strong>Meu sistema n\u00e3o est\u00e1 gerando a quantidade de energia que foi prometido. Posso acionar o seguro?<\/strong><br>N\u00e3o. O seguro cobre danos de causa externa, falhas na instala\u00e7\u00e3o n\u00e3o est\u00e3o amparadas.<\/p>\n\n\n\n<p><strong>Aconteceu um vendaval que danificou v\u00e1rias placas solares. Durante o per\u00edodo em que o sistema estiver sendo reparado terei uma despesa extra na conta de luz, isso tem cobertura?<\/strong><br>N\u00e3o. Neste caso, o seguro ir\u00e1 indenizar somente o preju\u00edzo dos danos \u00e0s placas danificadas e a m\u00e3o de obra para execu\u00e7\u00e3o do servi\u00e7o.<\/p>\n\n\n\n<p><strong>Moro em uma regi\u00e3o litor\u00e2nea, corros\u00e3o decorrente da maresia tem cobertura?<\/strong><br>Desgaste natural n\u00e3o tem cobertura.<\/p>\n<\/div>\n<\/div>\n\n\n\n<div style=\"height:25px\" aria-hidden=\"true\" class=\"wp-block-spacer\"><\/div>\n\n\n\n<hr class=\"wp-block-separator has-alpha-channel-opacity\"\/>\n\n\n\n<div style=\"height:25px\" aria-hidden=\"true\" class=\"wp-block-spacer\"><\/div>\n\n\n\n<p class=\"has-text-align-center\"><strong><mark style=\"background-color:#ff6900\" class=\"has-inline-color\">Fale com nossa equipe especializada e solicite uma cota\u00e7\u00e3o, sem compromisso.<\/mark><\/strong><\/p>\n\n\n\n<div class=\"wp-block-columns is-layout-flex wp-container-core-columns-is-layout-9d6595d7 wp-block-columns-is-layout-flex\">\n<div class=\"wp-block-column is-layout-flow wp-block-column-is-layout-flow\">\n<p class=\"has-text-align-center\"><a href=\"tel:\/\/+551156019999\/\" data-type=\"tel\" data-id=\"tel:\/\/+551156019999\/\">11 5601.9999<\/a><\/p>\n<\/div>\n\n\n\n<div class=\"wp-block-column is-layout-flow wp-block-column-is-layout-flow\">\n<p class=\"has-text-align-center\"><a href=\"https:\/\/api.whatsapp.com\/send\/?phone=5511958783309&amp;text=Informa%C3%A7%C3%B5es+Sobre+Seguro+Solar&amp;type=phone_number&amp;app_absent=0\" data-type=\"URL\" data-id=\"https:\/\/api.whatsapp.com\/send\/?phone=5511958783309&amp;text=Informa%C3%A7%C3%B5es+Sobre+Seguro+Solar&amp;type=phone_number&amp;app_absent=0\">11 95878.3309<\/a> (whatsapp)<\/p>\n<\/div>\n\n\n\n<div class=\"wp-block-column is-layout-flow wp-block-column-is-layout-flow\">\n<p class=\"has-text-align-center\"><a href=\"mailto:atendimento@umbriaprivate.com.br\">atendimento@umbriaprivate.com.br<\/a><\/p>\n<\/div>\n<\/div>\n","protected":false},"excerpt":{"rendered":"<p>Conte com a nossa consultoria para o seguro do seu sistema fotovoltaico. J\u00e1 efetuamos mais de 500 mil seguros para propriet\u00e1rios e integradores solares em todo o pa\u00eds. SEGURO DE RISCOS OPERACIONAIS Obs.: O c\u00e1lculo apresentado \u00e9 uma estimativa. O pr\u00eamio m\u00ednimo para contrata\u00e7\u00e3o do seguro \u00e9 de R$ 300,00. D\u00favidas? Consulte nossa equipe de [&hellip;]<\/p>\n","protected":false},"author":1,"featured_media":0,"parent":0,"menu_order":0,"comment_status":"closed","ping_status":"closed","template":"","meta":{"footnotes":""},"class_list":["post-145","page","type-page","status-publish","hentry"],"_links":{"self":[{"href":"https:\/\/umbriaprivate.com.br\/site\/wp-json\/wp\/v2\/pages\/145","targetHints":{"allow":["GET"]}}],"collection":[{"href":"https:\/\/umbriaprivate.com.br\/site\/wp-json\/wp\/v2\/pages"}],"about":[{"href":"https:\/\/umbriaprivate.com.br\/site\/wp-json\/wp\/v2\/types\/page"}],"author":[{"embeddable":true,"href":"https:\/\/umbriaprivate.com.br\/site\/wp-json\/wp\/v2\/users\/1"}],"replies":[{"embeddable":true,"href":"https:\/\/umbriaprivate.com.br\/site\/wp-json\/wp\/v2\/comments?post=145"}],"version-history":[{"count":77,"href":"https:\/\/umbriaprivate.com.br\/site\/wp-json\/wp\/v2\/pages\/145\/revisions"}],"predecessor-version":[{"id":708,"href":"https:\/\/umbriaprivate.com.br\/site\/wp-json\/wp\/v2\/pages\/145\/revisions\/708"}],"wp:attachment":[{"href":"https:\/\/umbriaprivate.com.br\/site\/wp-json\/wp\/v2\/media?parent=145"}],"curies":[{"name":"wp","href":"https:\/\/api.w.org\/{rel}","templated":true}]}}