{"id":150,"date":"2022-09-29T22:19:10","date_gmt":"2022-09-29T22:19:10","guid":{"rendered":"https:\/\/umbriaprivate.com.br\/site\/?page_id=150"},"modified":"2022-10-05T15:03:40","modified_gmt":"2022-10-05T15:03:40","slug":"seguro-transporte","status":"publish","type":"page","link":"https:\/\/umbriaprivate.com.br\/site\/seguro-transporte\/","title":{"rendered":"Seguro Transporte"},"content":{"rendered":"\n<div class=\"wp-block-media-text alignwide is-stacked-on-mobile\"><figure class=\"wp-block-media-text__media\"><img fetchpriority=\"high\" decoding=\"async\" width=\"650\" height=\"402\" src=\"https:\/\/umbriaprivate.com.br\/site\/wp-content\/uploads\/2022\/09\/cargas.jpg\" alt=\"\" class=\"wp-image-151 size-full\" srcset=\"https:\/\/umbriaprivate.com.br\/site\/wp-content\/uploads\/2022\/09\/cargas.jpg 650w, https:\/\/umbriaprivate.com.br\/site\/wp-content\/uploads\/2022\/09\/cargas-300x186.jpg 300w\" sizes=\"(max-width: 650px) 100vw, 650px\" \/><\/figure><div class=\"wp-block-media-text__content\">\n<h2 class=\"wp-block-heading\">Garanta a seguran\u00e7a da sua carga do in\u00edcio ao fim<\/h2>\n\n\n\n<p>O Seguro de Transporte protege sua carga de danos e perdas causados a bens e mercadorias durante o transporte em viagens aquavi\u00e1rias, terrestres e a\u00e9reas, em percursos nacionais e internacionais.<\/p>\n\n\n\n<p>As coberturas abrangem tr\u00eas categorias: Internacional, Nacional e Responsabilidade Civil. Fale com um de nossos especialistas e saiba como proteger sua carga at\u00e9 o destino final.<\/p>\n\n\n\n<p><strong>Solicite uma cota\u00e7\u00e3o, sem compromisso.<\/strong><\/p>\n<\/div><\/div>\n","protected":false},"excerpt":{"rendered":"<p>Garanta a seguran\u00e7a da sua carga do in\u00edcio ao fim O Seguro de Transporte protege sua carga de danos e perdas causados a bens e mercadorias durante o transporte em viagens aquavi\u00e1rias, terrestres e a\u00e9reas, em percursos nacionais e internacionais. As coberturas abrangem tr\u00eas categorias: Internacional, Nacional e Responsabilidade Civil. Fale com um de nossos [&hellip;]<\/p>\n","protected":false},"author":1,"featured_media":0,"parent":0,"menu_order":0,"comment_status":"closed","ping_status":"closed","template":"fullwidth-template.php","meta":{"footnotes":""},"class_list":["post-150","page","type-page","status-publish","hentry"],"_links":{"self":[{"href":"https:\/\/umbriaprivate.com.br\/site\/wp-json\/wp\/v2\/pages\/150","targetHints":{"allow":["GET"]}}],"collection":[{"href":"https:\/\/umbriaprivate.com.br\/site\/wp-json\/wp\/v2\/pages"}],"about":[{"href":"https:\/\/umbriaprivate.com.br\/site\/wp-json\/wp\/v2\/types\/page"}],"author":[{"embeddable":true,"href":"https:\/\/umbriaprivate.com.br\/site\/wp-json\/wp\/v2\/users\/1"}],"replies":[{"embeddable":true,"href":"https:\/\/umbriaprivate.com.br\/site\/wp-json\/wp\/v2\/comments?post=150"}],"version-history":[{"count":3,"href":"https:\/\/umbriaprivate.com.br\/site\/wp-json\/wp\/v2\/pages\/150\/revisions"}],"predecessor-version":[{"id":203,"href":"https:\/\/umbriaprivate.com.br\/site\/wp-json\/wp\/v2\/pages\/150\/revisions\/203"}],"wp:attachment":[{"href":"https:\/\/umbriaprivate.com.br\/site\/wp-json\/wp\/v2\/media?parent=150"}],"curies":[{"name":"wp","href":"https:\/\/api.w.org\/{rel}","templated":true}]}}