{"id":502,"date":"2023-05-04T15:16:52","date_gmt":"2023-05-04T15:16:52","guid":{"rendered":"https:\/\/umbriaprivate.com.br\/site\/?page_id=502"},"modified":"2023-05-04T15:16:52","modified_gmt":"2023-05-04T15:16:52","slug":"coberturas-e-franquias","status":"publish","type":"page","link":"https:\/\/umbriaprivate.com.br\/site\/coberturas-e-franquias\/","title":{"rendered":"Coberturas e Franquias"},"content":{"rendered":"\n<h2 class=\"wp-block-heading\">SEGURO DE RISCOS OPERACIONAIS<\/h2>\n\n\n\n<figure class=\"wp-block-table\"><table><tbody><tr><td><\/td><td><\/td><td><\/td><td><\/td><\/tr><tr><td><strong>Cobertura Principal &#8211; perdas<br>e\/ou danos materiais, causados<br>aos equipamentos por<br>quaisquer acidentes de causa<br>externa.<\/strong><\/td><td>Garante a indeniza\u00e7\u00e3o dos preju\u00edzos decorrentes de causa externa,<br>inc\u00eandio, raio e\/ou explos\u00e3o e<br>alagamento e inunda\u00e7\u00e3o, vendaval,<br>furac\u00e3o, ciclone e tornado, al\u00e9m<br>de roubo e\/ou furto qualificado e<br>granizo.<\/td><td>R$ 3.000.000,00<br>por projeto.<\/td><td><strong>Equipamentos at\u00e9 R$ 50.000,00<\/strong><br>Franquia de R$ 1.000,00 com participa\u00e7\u00e3o obrigat\u00f3ria<br>do segurado de 10% dos preju\u00edzos indeniz\u00e1veis.<br>(O que for maior)<br><br><strong>Equipamentos at\u00e9 R$ 500.000,00<\/strong><br>Franquia de R$ 2.000,00 com participa\u00e7\u00e3o obrigat\u00f3ria<br>do segurado de 10% dos preju\u00edzos indeniz\u00e1veis.<br>(O que for maior) <br><br><strong>Equipamentos at\u00e9 R$ 1.000.000,00<\/strong><br>Franquia de R$ 3.500,00 com participa\u00e7\u00e3o obrigat\u00f3ria<br>do segurado de 10% dos preju\u00edzos indeniz\u00e1veis.<br>(O que for maior)<br><br><strong>Equipamentos at\u00e9 R$ 2.000.000,00<\/strong><br>Franquia de R$ 10.000,00 com participa\u00e7\u00e3o obrigat\u00f3ria<br>do segurado de 20% dos preju\u00edzos indeniz\u00e1veis.<br>(O que for maior)<br><br><strong>Equipamentos at\u00e9 R$ 3.000.000,00<\/strong><br>Franquia de R$ 25.000,00 com participa\u00e7\u00e3o obrigat\u00f3ria<br>do segurado de 20% dos preju\u00edzos indeniz\u00e1veis.<br>(O que for maior)<\/td><\/tr><tr><td><strong>Lucros Cessantes<\/strong><\/td><td>Garante ao Segurado cobertura pela interrup\u00e7\u00e3o<br>na opera\u00e7\u00e3o do sistema fotovoltaico, quando<br>ocorrer um evento coberto na ap\u00f3lice e cuja a<br>paralisa\u00e7\u00e3o supere 10 dias a partir da ocorr\u00eancia<br>do sinistro.<br>A indeniza\u00e7\u00e3o corresponder\u00e1 ao periodo de<br>interrup\u00e7\u00e3o at\u00e9 60 dias, limitada \u00e0 verba fixada.<br>A indeniza\u00e7\u00e3o ser\u00e1 calculada pelo quociente da<br>divis\u00e3o da verba segurada pelo n\u00famero de dias de<br>paralisa\u00e7\u00e3o.<\/td><td>5% da cobertura b\u00e1sica.<\/td><td>10 dias.<\/td><\/tr><tr><td><strong>Danos el\u00e9tricos<\/strong><\/td><td>Garante a indeniza\u00e7\u00e3o pelas perdas<br>e\/ou danos materiais decorrentes de<br>curto-circuito e desarranjos el\u00e9tricos<br>em componentes eletroeletr\u00f4nico(s)<br>e equipamento(s).<\/td><td>30% da cobertura b\u00e1sica.<\/td><td><strong>Equipamentos at\u00e9 R$ 250.000,00<\/strong><br>Franquia de R$ 1.000,00 com participa\u00e7\u00e3o obrigat\u00f3ria<br>do segurado de 10% dos preju\u00edzos indeniz\u00e1veis.<br>(O que for maior)<br><br><strong>Equipamentos at\u00e9 R$ 500.000,00<\/strong><br>Franquia de R$ 2.000,00 com participa\u00e7\u00e3o obrigat\u00f3ria<br>do segurado de 10% dos preju\u00edzos indeniz\u00e1veis.<br>(O que for maior)<br><br><strong>Equipamentos at\u00e9 R$ 1.000.000,00<\/strong><br>Franquia de R$ 3.500,00 com participa\u00e7\u00e3o obrigat\u00f3ria<br>do segurado de 10% dos preju\u00edzos indeniz\u00e1veis.<br>(O que for maior)<br><br><strong>Equipamentos at\u00e9 R$ 2.000.000,00<\/strong><br>Franquia de R$ 10.000,00 com participa\u00e7\u00e3o obrigat\u00f3ria<br>do segurado de 20% dos preju\u00edzos indeniz\u00e1veis.<br>(O que for maior)<br><br><strong>Equipamentos at\u00e9 R$ 3.000.000,00<\/strong><br>Franquia de R$ 25.000,00 com participa\u00e7\u00e3o obrigat\u00f3ria<br>do segurado de 20% dos preju\u00edzos indeniz\u00e1veis.<br>(O que for maior)<\/td><\/tr><\/tbody><\/table><\/figure>\n","protected":false},"excerpt":{"rendered":"<p>SEGURO DE RISCOS OPERACIONAIS Cobertura Principal &#8211; perdase\/ou danos materiais, causadosaos equipamentos porquaisquer acidentes de causaexterna. Garante a indeniza\u00e7\u00e3o dos preju\u00edzos decorrentes de causa externa,inc\u00eandio, raio e\/ou explos\u00e3o ealagamento e inunda\u00e7\u00e3o, vendaval,furac\u00e3o, ciclone e tornado, al\u00e9mde roubo e\/ou furto qualificado egranizo. R$ 3.000.000,00por projeto. Equipamentos at\u00e9 R$ 50.000,00Franquia de R$ 1.000,00 com participa\u00e7\u00e3o obrigat\u00f3riado segurado [&hellip;]<\/p>\n","protected":false},"author":1,"featured_media":0,"parent":0,"menu_order":0,"comment_status":"closed","ping_status":"closed","template":"","meta":{"footnotes":""},"class_list":["post-502","page","type-page","status-publish","hentry"],"_links":{"self":[{"href":"https:\/\/umbriaprivate.com.br\/site\/wp-json\/wp\/v2\/pages\/502","targetHints":{"allow":["GET"]}}],"collection":[{"href":"https:\/\/umbriaprivate.com.br\/site\/wp-json\/wp\/v2\/pages"}],"about":[{"href":"https:\/\/umbriaprivate.com.br\/site\/wp-json\/wp\/v2\/types\/page"}],"author":[{"embeddable":true,"href":"https:\/\/umbriaprivate.com.br\/site\/wp-json\/wp\/v2\/users\/1"}],"replies":[{"embeddable":true,"href":"https:\/\/umbriaprivate.com.br\/site\/wp-json\/wp\/v2\/comments?post=502"}],"version-history":[{"count":1,"href":"https:\/\/umbriaprivate.com.br\/site\/wp-json\/wp\/v2\/pages\/502\/revisions"}],"predecessor-version":[{"id":503,"href":"https:\/\/umbriaprivate.com.br\/site\/wp-json\/wp\/v2\/pages\/502\/revisions\/503"}],"wp:attachment":[{"href":"https:\/\/umbriaprivate.com.br\/site\/wp-json\/wp\/v2\/media?parent=502"}],"curies":[{"name":"wp","href":"https:\/\/api.w.org\/{rel}","templated":true}]}}