{"id":74,"date":"2022-09-29T19:47:27","date_gmt":"2022-09-29T19:47:27","guid":{"rendered":"https:\/\/umbriaprivate.com.br\/site\/?page_id=74"},"modified":"2023-02-07T15:40:09","modified_gmt":"2023-02-07T15:40:09","slug":"seguro-aeronautico","status":"publish","type":"page","link":"https:\/\/umbriaprivate.com.br\/site\/seguro-aeronautico\/","title":{"rendered":"Seguro aeron\u00e1utico"},"content":{"rendered":"\n<div class=\"wp-block-buttons is-layout-flex wp-block-buttons-is-layout-flex\"><\/div>\n\n\n\n<div class=\"wp-block-media-text alignwide is-stacked-on-mobile\"><figure class=\"wp-block-media-text__media\"><img fetchpriority=\"high\" decoding=\"async\" width=\"650\" height=\"402\" src=\"https:\/\/umbriaprivate.com.br\/site\/wp-content\/uploads\/2022\/09\/aviaoB-1.jpg\" alt=\"\" class=\"wp-image-88 size-full\" srcset=\"https:\/\/umbriaprivate.com.br\/site\/wp-content\/uploads\/2022\/09\/aviaoB-1.jpg 650w, https:\/\/umbriaprivate.com.br\/site\/wp-content\/uploads\/2022\/09\/aviaoB-1-300x186.jpg 300w\" sizes=\"(max-width: 650px) 100vw, 650px\" \/><\/figure><div class=\"wp-block-media-text__content\">\n<h2 class=\"wp-block-heading\">Os seguros aeron\u00e1uticos possuem coberturas para todos os tipos de aeronaves<\/h2>\n\n\n\n<p>N\u00e3o pense duas vezes em proteger a sua aeronave contra v\u00e1rios riscos do setor a\u00e9reo. Fa\u00e7a um Seguro Aeron\u00e1utico e aproveite o seu voo!<\/p>\n\n\n\n<p>O seguro \u00e9 customizado e pensado de acordo com a sua necessidade. Conta com prote\u00e7\u00e3o ao casco, motores e equipamentos de avi\u00f5es e helic\u00f3pteros, al\u00e9m de incluir todas as atividades aeroportu\u00e1rias e de responsabilidade de hangares e aeroportos.<\/p>\n\n\n\n<p>A contrata\u00e7\u00e3o pode ser feita por pessoas f\u00edsicas ou jur\u00eddicas, seja para aeronaves envolvendo o transporte de pessoas ou cargas.<\/p>\n\n\n\n<p>Nossos consultores especializados est\u00e3o prontos para atend\u00ea-lo.<\/p>\n\n\n\n<p><strong>Solicite uma cota\u00e7\u00e3o, sem compromisso.<\/strong><\/p>\n\n\n\n<div class=\"wp-block-buttons is-layout-flex wp-block-buttons-is-layout-flex\"><\/div>\n<\/div><\/div>\n","protected":false},"excerpt":{"rendered":"","protected":false},"author":1,"featured_media":0,"parent":0,"menu_order":0,"comment_status":"closed","ping_status":"closed","template":"fullwidth-template.php","meta":{"footnotes":""},"class_list":["post-74","page","type-page","status-publish","hentry"],"_links":{"self":[{"href":"https:\/\/umbriaprivate.com.br\/site\/wp-json\/wp\/v2\/pages\/74","targetHints":{"allow":["GET"]}}],"collection":[{"href":"https:\/\/umbriaprivate.com.br\/site\/wp-json\/wp\/v2\/pages"}],"about":[{"href":"https:\/\/umbriaprivate.com.br\/site\/wp-json\/wp\/v2\/types\/page"}],"author":[{"embeddable":true,"href":"https:\/\/umbriaprivate.com.br\/site\/wp-json\/wp\/v2\/users\/1"}],"replies":[{"embeddable":true,"href":"https:\/\/umbriaprivate.com.br\/site\/wp-json\/wp\/v2\/comments?post=74"}],"version-history":[{"count":10,"href":"https:\/\/umbriaprivate.com.br\/site\/wp-json\/wp\/v2\/pages\/74\/revisions"}],"predecessor-version":[{"id":317,"href":"https:\/\/umbriaprivate.com.br\/site\/wp-json\/wp\/v2\/pages\/74\/revisions\/317"}],"wp:attachment":[{"href":"https:\/\/umbriaprivate.com.br\/site\/wp-json\/wp\/v2\/media?parent=74"}],"curies":[{"name":"wp","href":"https:\/\/api.w.org\/{rel}","templated":true}]}}