{"id":80,"date":"2022-09-29T21:28:34","date_gmt":"2022-09-29T21:28:34","guid":{"rendered":"https:\/\/umbriaprivate.com.br\/site\/?page_id=80"},"modified":"2022-10-05T14:41:20","modified_gmt":"2022-10-05T14:41:20","slug":"previdencia-privada","status":"publish","type":"page","link":"https:\/\/umbriaprivate.com.br\/site\/previdencia-privada\/","title":{"rendered":"Previd\u00eancia Privada"},"content":{"rendered":"\n<p><\/p>\n\n\n\n<div class=\"wp-block-media-text alignwide is-stacked-on-mobile\"><figure class=\"wp-block-media-text__media\"><img fetchpriority=\"high\" decoding=\"async\" width=\"650\" height=\"402\" src=\"https:\/\/umbriaprivate.com.br\/site\/wp-content\/uploads\/2022\/09\/previdencia-1.jpg\" alt=\"\" class=\"wp-image-83 size-full\" srcset=\"https:\/\/umbriaprivate.com.br\/site\/wp-content\/uploads\/2022\/09\/previdencia-1.jpg 650w, https:\/\/umbriaprivate.com.br\/site\/wp-content\/uploads\/2022\/09\/previdencia-1-300x186.jpg 300w\" sizes=\"(max-width: 650px) 100vw, 650px\" \/><\/figure><div class=\"wp-block-media-text__content\">\n<h2 class=\"wp-block-heading\">Construa um futuro tranquilo investindo em Previd\u00eancia Privada<\/h2>\n\n\n\n<p>Contratar um bom plano de Previd\u00eancia Privada \u00e9 uma forma inteligente de investir para garantir um futuro tranquilo e sossegado para voc\u00ea e sua fam\u00edlia. Planeje a sua aposentadoria ou a realiza\u00e7\u00e3o daquele projeto pessoal investindo mensalmente.<\/p>\n\n\n\n<p>Os planos de previd\u00eancia s\u00e3o aplica\u00e7\u00f5es financeiras baseadas no valor definido para voc\u00ea curtir momentos de tranquilidade quando pensar em aposentadoria.<\/p>\n\n\n\n<p>Consulte um de nossos especialistas e conhe\u00e7a as melhores op\u00e7\u00f5es de acordo com o seu perfil e necessidade.<\/p>\n\n\n\n<p><strong>Solicite uma cota\u00e7\u00e3o, sem compromisso.<\/strong><\/p>\n\n\n\n<div class=\"wp-block-buttons is-layout-flex wp-block-buttons-is-layout-flex\"><\/div>\n<\/div><\/div>\n\n\n\n<div class=\"wp-block-buttons is-content-justification-center is-layout-flex wp-container-core-buttons-is-layout-16018d1d wp-block-buttons-is-layout-flex\"><\/div>\n\n\n\n<p><\/p>\n","protected":false},"excerpt":{"rendered":"","protected":false},"author":1,"featured_media":0,"parent":0,"menu_order":0,"comment_status":"closed","ping_status":"closed","template":"fullwidth-template.php","meta":{"footnotes":""},"class_list":["post-80","page","type-page","status-publish","hentry"],"_links":{"self":[{"href":"https:\/\/umbriaprivate.com.br\/site\/wp-json\/wp\/v2\/pages\/80","targetHints":{"allow":["GET"]}}],"collection":[{"href":"https:\/\/umbriaprivate.com.br\/site\/wp-json\/wp\/v2\/pages"}],"about":[{"href":"https:\/\/umbriaprivate.com.br\/site\/wp-json\/wp\/v2\/types\/page"}],"author":[{"embeddable":true,"href":"https:\/\/umbriaprivate.com.br\/site\/wp-json\/wp\/v2\/users\/1"}],"replies":[{"embeddable":true,"href":"https:\/\/umbriaprivate.com.br\/site\/wp-json\/wp\/v2\/comments?post=80"}],"version-history":[{"count":11,"href":"https:\/\/umbriaprivate.com.br\/site\/wp-json\/wp\/v2\/pages\/80\/revisions"}],"predecessor-version":[{"id":177,"href":"https:\/\/umbriaprivate.com.br\/site\/wp-json\/wp\/v2\/pages\/80\/revisions\/177"}],"wp:attachment":[{"href":"https:\/\/umbriaprivate.com.br\/site\/wp-json\/wp\/v2\/media?parent=80"}],"curies":[{"name":"wp","href":"https:\/\/api.w.org\/{rel}","templated":true}]}}