{"id":93,"date":"2022-09-29T21:36:16","date_gmt":"2022-09-29T21:36:16","guid":{"rendered":"https:\/\/umbriaprivate.com.br\/site\/?page_id=93"},"modified":"2023-04-03T13:10:21","modified_gmt":"2023-04-03T13:10:21","slug":"quem-somos","status":"publish","type":"page","link":"https:\/\/umbriaprivate.com.br\/site\/quem-somos\/","title":{"rendered":"Quem Somos"},"content":{"rendered":"\n<h3 class=\"wp-block-heading\">N\u00f3s trabalhamos para a sua tranquilidade.<\/h3>\n\n\n\n<p>A Umbria foi fundada em 1995 por Carlos Villares, profissional de sucesso na \u00e1rea de seguros do Citibank, no marketing da American Express do Brasil e no Grupo Zurich Financial Services, que apostou no seu know-how t\u00e9cnico e de marketing direto para criar a Umbria Corretora de Seguros. <\/p>\n\n\n\n<div class=\"wp-block-media-text alignwide is-stacked-on-mobile\"><figure class=\"wp-block-media-text__media\"><img fetchpriority=\"high\" decoding=\"async\" width=\"1024\" height=\"683\" src=\"https:\/\/umbriaprivate.com.br\/site\/wp-content\/uploads\/2022\/10\/group-of-people-working-out-business-plan-in-an-office-1024x683.jpg\" alt=\"\" class=\"wp-image-162 size-full\" srcset=\"https:\/\/umbriaprivate.com.br\/site\/wp-content\/uploads\/2022\/10\/group-of-people-working-out-business-plan-in-an-office-1024x683.jpg 1024w, https:\/\/umbriaprivate.com.br\/site\/wp-content\/uploads\/2022\/10\/group-of-people-working-out-business-plan-in-an-office-300x200.jpg 300w, https:\/\/umbriaprivate.com.br\/site\/wp-content\/uploads\/2022\/10\/group-of-people-working-out-business-plan-in-an-office-768x512.jpg 768w, https:\/\/umbriaprivate.com.br\/site\/wp-content\/uploads\/2022\/10\/group-of-people-working-out-business-plan-in-an-office-1536x1024.jpg 1536w, https:\/\/umbriaprivate.com.br\/site\/wp-content\/uploads\/2022\/10\/group-of-people-working-out-business-plan-in-an-office-2048x1365.jpg 2048w\" sizes=\"(max-width: 1024px) 100vw, 1024px\" \/><\/figure><div class=\"wp-block-media-text__content\">\n<p>Em 1997 as seguradoras multinacionais passaram a investir em parcerias com corretoras de seguros e a Umbria Private j\u00e1 possu\u00eda uma carteira de clientes pessoas f\u00edsicas e passou a oferecer op\u00e7\u00f5es para o mercado empresarial. Nesta \u00e9poca surgiram as parcerias formadas com seguradoras de prest\u00edgio e solidez como Chubb Seguros, Allianz Brasil, Cigna\/ACE, HDI Hannover e AIG\/American Home, entre outras.<\/p>\n\n\n\n<p>Em 2011 foi constitu\u00edda a UMBRIA PRIVATE SERVICES, sociedade de Carlos Villares e Alessandro Dias, cujo o principal objetivo \u00e9 oferecer aos clientes, pessoas f\u00edsicas e\/ou corporativos de diferentes portes e segmentos, uma consultoria especializada e um leque de servi\u00e7os e seguros de vanguarda.<\/p>\n\n\n\n<p>Atualmente, a Umbria Private Services atua em todo o  territ\u00f3rio nacional.<\/p>\n<\/div><\/div>\n","protected":false},"excerpt":{"rendered":"<p>N\u00f3s trabalhamos para a sua tranquilidade. A Umbria foi fundada em 1995 por Carlos Villares, profissional de sucesso na \u00e1rea de seguros do Citibank, no marketing da American Express do Brasil e no Grupo Zurich Financial Services, que apostou no seu know-how t\u00e9cnico e de marketing direto para criar a Umbria Corretora de Seguros. Em [&hellip;]<\/p>\n","protected":false},"author":1,"featured_media":0,"parent":0,"menu_order":0,"comment_status":"closed","ping_status":"closed","template":"fullwidth-template.php","meta":{"footnotes":""},"class_list":["post-93","page","type-page","status-publish","hentry"],"_links":{"self":[{"href":"https:\/\/umbriaprivate.com.br\/site\/wp-json\/wp\/v2\/pages\/93","targetHints":{"allow":["GET"]}}],"collection":[{"href":"https:\/\/umbriaprivate.com.br\/site\/wp-json\/wp\/v2\/pages"}],"about":[{"href":"https:\/\/umbriaprivate.com.br\/site\/wp-json\/wp\/v2\/types\/page"}],"author":[{"embeddable":true,"href":"https:\/\/umbriaprivate.com.br\/site\/wp-json\/wp\/v2\/users\/1"}],"replies":[{"embeddable":true,"href":"https:\/\/umbriaprivate.com.br\/site\/wp-json\/wp\/v2\/comments?post=93"}],"version-history":[{"count":6,"href":"https:\/\/umbriaprivate.com.br\/site\/wp-json\/wp\/v2\/pages\/93\/revisions"}],"predecessor-version":[{"id":454,"href":"https:\/\/umbriaprivate.com.br\/site\/wp-json\/wp\/v2\/pages\/93\/revisions\/454"}],"wp:attachment":[{"href":"https:\/\/umbriaprivate.com.br\/site\/wp-json\/wp\/v2\/media?parent=93"}],"curies":[{"name":"wp","href":"https:\/\/api.w.org\/{rel}","templated":true}]}}