{"id":96,"date":"2022-09-29T21:40:03","date_gmt":"2022-09-29T21:40:03","guid":{"rendered":"https:\/\/umbriaprivate.com.br\/site\/?page_id=96"},"modified":"2022-10-05T14:41:46","modified_gmt":"2022-10-05T14:41:46","slug":"seguro-acidentes","status":"publish","type":"page","link":"https:\/\/umbriaprivate.com.br\/site\/seguro-acidentes\/","title":{"rendered":"Seguro Acidentes"},"content":{"rendered":"\n<div class=\"wp-block-media-text alignwide is-stacked-on-mobile\"><figure class=\"wp-block-media-text__media\"><img fetchpriority=\"high\" decoding=\"async\" width=\"650\" height=\"402\" src=\"https:\/\/umbriaprivate.com.br\/site\/wp-content\/uploads\/2022\/09\/acidentes.jpg\" alt=\"\" class=\"wp-image-97 size-full\" srcset=\"https:\/\/umbriaprivate.com.br\/site\/wp-content\/uploads\/2022\/09\/acidentes.jpg 650w, https:\/\/umbriaprivate.com.br\/site\/wp-content\/uploads\/2022\/09\/acidentes-300x186.jpg 300w\" sizes=\"(max-width: 650px) 100vw, 650px\" \/><\/figure><div class=\"wp-block-media-text__content\">\n<h2 class=\"wp-block-heading\">Fa\u00e7a um seguro contra acidentes pessoais<\/h2>\n\n\n\n<p>O Seguro de Acidentes Pessoais garante uma indeniza\u00e7\u00e3o ao segurado ou a seus benefici\u00e1rios caso ocorra acidentes pessoais com riscos cobertos indicados na ap\u00f3lice, como:<\/p>\n\n\n\n<ul class=\"wp-block-list\"><li>Morte;<\/li><li>Invalidez (total ou parcial);<\/li><li>Tratamento m\u00e9dico;<\/li><li>Entre outros.<\/li><\/ul>\n\n\n\n<p>S\u00e3o considerados acidentes pessoais os eventos externos que podem causar les\u00f5es ou a morte. Conte com a consultoria da Umbria Private para fazer o seu seguro.<\/p>\n\n\n\n<p><strong>Solicite uma cota\u00e7\u00e3o, sem compromisso.<\/strong><\/p>\n\n\n\n<div class=\"wp-block-buttons is-layout-flex wp-block-buttons-is-layout-flex\"><\/div>\n<\/div><\/div>\n","protected":false},"excerpt":{"rendered":"","protected":false},"author":1,"featured_media":0,"parent":0,"menu_order":0,"comment_status":"closed","ping_status":"closed","template":"fullwidth-template.php","meta":{"footnotes":""},"class_list":["post-96","page","type-page","status-publish","hentry"],"_links":{"self":[{"href":"https:\/\/umbriaprivate.com.br\/site\/wp-json\/wp\/v2\/pages\/96","targetHints":{"allow":["GET"]}}],"collection":[{"href":"https:\/\/umbriaprivate.com.br\/site\/wp-json\/wp\/v2\/pages"}],"about":[{"href":"https:\/\/umbriaprivate.com.br\/site\/wp-json\/wp\/v2\/types\/page"}],"author":[{"embeddable":true,"href":"https:\/\/umbriaprivate.com.br\/site\/wp-json\/wp\/v2\/users\/1"}],"replies":[{"embeddable":true,"href":"https:\/\/umbriaprivate.com.br\/site\/wp-json\/wp\/v2\/comments?post=96"}],"version-history":[{"count":6,"href":"https:\/\/umbriaprivate.com.br\/site\/wp-json\/wp\/v2\/pages\/96\/revisions"}],"predecessor-version":[{"id":178,"href":"https:\/\/umbriaprivate.com.br\/site\/wp-json\/wp\/v2\/pages\/96\/revisions\/178"}],"wp:attachment":[{"href":"https:\/\/umbriaprivate.com.br\/site\/wp-json\/wp\/v2\/media?parent=96"}],"curies":[{"name":"wp","href":"https:\/\/api.w.org\/{rel}","templated":true}]}}